{"id":216,"date":"2021-05-25T09:42:35","date_gmt":"2021-05-25T07:42:35","guid":{"rendered":"https:\/\/scleroz.com\/?page_id=216"},"modified":"2021-07-19T23:50:09","modified_gmt":"2021-07-19T21:50:09","slug":"contact","status":"publish","type":"page","link":"https:\/\/scleroz.com\/index.php\/accueil\/contact\/","title":{"rendered":"Contact"},"content":{"rendered":"<p><\/p>\n<div class=\"vce-row-container\" data-vce-boxed-width=\"true\">\n<div id=\"el-4039d10e\" class=\"vce-row vce-row--col-gap-30 vce-row-equal-height vce-row-content--top\" data-vce-do-apply=\"all el-4039d10e\">\n<div class=\"vce-row-content\" data-vce-element-content=\"true\">\n<div id=\"el-13e47d62\" class=\"vce-col vce-col--md-auto vce-col--xs-1 vce-col--xs-last vce-col--xs-first vce-col--sm-last vce-col--sm-first vce-col--md-last vce-col--lg-last vce-col--xl-last vce-col--md-first vce-col--lg-first vce-col--xl-first\">\n<div class=\"vce-col-inner\" data-vce-do-apply=\"border margin background  el-13e47d62\">\n<div class=\"vce-col-content\" data-vce-element-content=\"true\" data-vce-do-apply=\"padding el-13e47d62\">\n<div class=\"vce-row-container\" data-vce-boxed-width=\"true\">\n<div id=\"el-8c10b0fd\" class=\"vce-row vce-row--col-gap-30 vce-row-equal-height vce-row-content--top\" data-vce-do-apply=\"all el-8c10b0fd\">\n<div class=\"vce-row-content\" data-vce-element-content=\"true\">\n<div id=\"el-114a7d0b\" class=\"vce-col vce-col--md-auto vce-col--xs-1 vce-col--xs-last vce-col--xs-first vce-col--sm-last vce-col--sm-first vce-col--md-last vce-col--lg-last vce-col--xl-last vce-col--md-first vce-col--lg-first vce-col--xl-first\">\n<div class=\"vce-col-inner\" data-vce-do-apply=\"border margin background  el-114a7d0b\">\n<div class=\"vce-col-content\" data-vce-element-content=\"true\" data-vce-do-apply=\"padding el-114a7d0b\">\n<div class=\"vce-text-block\">\n<div id=\"el-2f7f4dfb\" class=\"vce-text-block-wrapper vce\" data-vce-do-apply=\"all el-2f7f4dfb\">\n<p style=\"text-align: center;\">Vous avez besoin de promouvoir votre identit\u00e9 \u00e0 l'aide d'un logo, d'un flyer, d'une brochure, d'un shooting photo-vid\u00e9o, d'un montage ou d'une production musicale ? Vous pouvez prendre contact avec moi \u00e0 l'aide de ce formulaire.<\/p>\n<\/div>\n<\/div>\n<\/div>\n<\/div>\n<\/div>\n<\/div>\n<\/div>\n<\/div>\n<\/div>\n<\/div>\n<\/div>\n<\/div>\n<\/div>\n<\/div>\n<p><\/p>\n\n<div class=\"wpforms-container wpforms-container-full\" id=\"wpforms-336\"><form id=\"wpforms-form-336\" class=\"wpforms-validate wpforms-form\" data-formid=\"336\" method=\"post\" enctype=\"multipart\/form-data\" action=\"\/index.php\/wp-json\/wp\/v2\/pages\/216\" data-token=\"7a8f6c024b9b979e5f2e60272b96bd14\"><noscript class=\"wpforms-error-noscript\">Veuillez activer JavaScript dans votre navigateur pour remplir ce formulaire.<\/noscript><div class=\"wpforms-field-container\"><div id=\"wpforms-336-field_0-container\" class=\"wpforms-field wpforms-field-name\" data-field-id=\"0\"><label class=\"wpforms-field-label\" for=\"wpforms-336-field_0\">Nom <span class=\"wpforms-required-label\">*<\/span><\/label><div class=\"wpforms-field-row wpforms-field-medium\"><div class=\"wpforms-field-row-block wpforms-first wpforms-one-half\"><input type=\"text\" id=\"wpforms-336-field_0\" class=\"wpforms-field-name-first wpforms-field-required\" name=\"wpforms[fields][0][first]\" required><label for=\"wpforms-336-field_0\" class=\"wpforms-field-sublabel after \">Pr\u00e9nom<\/label><\/div><div class=\"wpforms-field-row-block wpforms-one-half\"><input type=\"text\" id=\"wpforms-336-field_0-last\" class=\"wpforms-field-name-last wpforms-field-required\" name=\"wpforms[fields][0][last]\" required><label for=\"wpforms-336-field_0-last\" class=\"wpforms-field-sublabel after \">Nom<\/label><\/div><\/div><\/div><div id=\"wpforms-336-field_1-container\" class=\"wpforms-field wpforms-field-email\" data-field-id=\"1\"><label class=\"wpforms-field-label\" for=\"wpforms-336-field_1\">E-mail <span class=\"wpforms-required-label\">*<\/span><\/label><input type=\"email\" id=\"wpforms-336-field_1\" class=\"wpforms-field-medium wpforms-field-required\" name=\"wpforms[fields][1]\" required><\/div><div id=\"wpforms-336-field_2-container\" class=\"wpforms-field wpforms-field-textarea\" data-field-id=\"2\"><label class=\"wpforms-field-label\" for=\"wpforms-336-field_2\">Commentaire ou message <span class=\"wpforms-required-label\">*<\/span><\/label><textarea id=\"wpforms-336-field_2\" class=\"wpforms-field-medium wpforms-field-required\" name=\"wpforms[fields][2]\" required><\/textarea><\/div><\/div><div class=\"wpforms-recaptcha-container wpforms-is-recaptcha\"><div class=\"g-recaptcha\" data-sitekey=\"6LcAFakbAAAAABk844HttWS7e7hrJOBGPpGQN3Om\"><\/div><input type=\"text\" name=\"g-recaptcha-hidden\" class=\"wpforms-recaptcha-hidden\" style=\"position:absolute!important;clip:rect(0,0,0,0)!important;height:1px!important;width:1px!important;border:0!important;overflow:hidden!important;padding:0!important;margin:0!important;\" required><\/div><div class=\"wpforms-submit-container\"><input type=\"hidden\" name=\"wpforms[id]\" value=\"336\"><input type=\"hidden\" name=\"wpforms[author]\" value=\"1\"><button type=\"submit\" name=\"wpforms[submit]\" id=\"wpforms-submit-336\" class=\"wpforms-submit\" data-alt-text=\"Envoi...\" data-submit-text=\"Envoyer\" aria-live=\"assertive\" value=\"wpforms-submit\">Envoyer<\/button><\/div><\/form><\/div>  <!-- .wpforms-container -->","protected":false},"excerpt":{"rendered":"<p>Vous avez besoin de promouvoir votre identit\u00e9 \u00e0 l&rsquo;aide d&rsquo;un logo, d&rsquo;un flyer, d&rsquo;une brochure, d&rsquo;un shooting photo-vid\u00e9o, d&rsquo;un montage ou d&rsquo;une production musicale ? &hellip;<\/p>\n","protected":false},"author":1,"featured_media":0,"parent":24,"menu_order":0,"comment_status":"closed","ping_status":"closed","template":"","meta":{"spay_email":"","footnotes":""},"class_list":["post-216","page","type-page","status-publish","hentry"],"jetpack-related-posts":[{"id":176,"url":"https:\/\/scleroz.com\/index.php\/a-propos\/","url_meta":{"origin":216,"position":0},"title":"\u00c0 propos","date":"17 mai 2021","format":false,"excerpt":"Passionn\u00e9 par la musique depuis mon plus jeune \u00e2ge, j\u2019ai commenc\u00e9 \u00e0 jouer de la basse, puis de la guitare. Autour de mes 18 ans mon grand fr\u00e8re : Sezo alias C\u00e9dric Ambord, passionn\u00e9 par le monde du djing dans le milieu Techno et Hardcore, de profession graphiste et imprimeur\u2026","rel":"","context":"Article similaire","img":{"alt_text":"","src":"","width":0,"height":0},"classes":[]}],"_links":{"self":[{"href":"https:\/\/scleroz.com\/index.php\/wp-json\/wp\/v2\/pages\/216","targetHints":{"allow":["GET"]}}],"collection":[{"href":"https:\/\/scleroz.com\/index.php\/wp-json\/wp\/v2\/pages"}],"about":[{"href":"https:\/\/scleroz.com\/index.php\/wp-json\/wp\/v2\/types\/page"}],"author":[{"embeddable":true,"href":"https:\/\/scleroz.com\/index.php\/wp-json\/wp\/v2\/users\/1"}],"replies":[{"embeddable":true,"href":"https:\/\/scleroz.com\/index.php\/wp-json\/wp\/v2\/comments?post=216"}],"version-history":[{"count":15,"href":"https:\/\/scleroz.com\/index.php\/wp-json\/wp\/v2\/pages\/216\/revisions"}],"predecessor-version":[{"id":761,"href":"https:\/\/scleroz.com\/index.php\/wp-json\/wp\/v2\/pages\/216\/revisions\/761"}],"up":[{"embeddable":true,"href":"https:\/\/scleroz.com\/index.php\/wp-json\/wp\/v2\/pages\/24"}],"wp:attachment":[{"href":"https:\/\/scleroz.com\/index.php\/wp-json\/wp\/v2\/media?parent=216"}],"curies":[{"name":"wp","href":"https:\/\/api.w.org\/{rel}","templated":true}]}}