{"id":24,"date":"2021-05-17T10:43:49","date_gmt":"2021-05-17T08:43:49","guid":{"rendered":"http:\/\/scleroz.com\/?page_id=24"},"modified":"2021-06-29T10:36:00","modified_gmt":"2021-06-29T08:36:00","slug":"accueil","status":"publish","type":"page","link":"https:\/\/scleroz.com\/","title":{"rendered":"Accueil"},"content":{"rendered":"\n<p>You might be an artist who would like to introduce yourself and your work here or maybe you\u2019re a business with a mission to describe.<\/p>\n","protected":false},"excerpt":{"rendered":"<p>You might be an artist who would like to introduce yourself and your work here or maybe you\u2019re a business with a mission to describe.<\/p>\n","protected":false},"author":1,"featured_media":0,"parent":0,"menu_order":0,"comment_status":"closed","ping_status":"closed","template":"","meta":{"spay_email":"","footnotes":""},"class_list":["post-24","page","type-page","status-publish","hentry"],"jetpack-related-posts":[{"id":216,"url":"https:\/\/scleroz.com\/index.php\/accueil\/contact\/","url_meta":{"origin":24,"position":0},"title":"Contact","date":"25 mai 2021","format":false,"excerpt":"Vous avez besoin de promouvoir votre identit\u00e9 \u00e0 l'aide d'un logo, d'un flyer, d'une brochure, d'un shooting photo-vid\u00e9o, d'un montage ou d'une production musicale ? Vous pouvez prendre contact avec moi \u00e0 l'aide de ce formulaire.","rel":"","context":"Article similaire","img":{"alt_text":"","src":"","width":0,"height":0},"classes":[]},{"id":176,"url":"https:\/\/scleroz.com\/index.php\/a-propos\/","url_meta":{"origin":24,"position":1},"title":"\u00c0 propos","date":"17 mai 2021","format":false,"excerpt":"Passionn\u00e9 par la musique depuis mon plus jeune \u00e2ge, j\u2019ai commenc\u00e9 \u00e0 jouer de la basse, puis de la guitare. Autour de mes 18 ans mon grand fr\u00e8re : Sezo alias C\u00e9dric Ambord, passionn\u00e9 par le monde du djing dans le milieu Techno et Hardcore, de profession graphiste et imprimeur\u2026","rel":"","context":"Article similaire","img":{"alt_text":"","src":"","width":0,"height":0},"classes":[]},{"id":74,"url":"https:\/\/scleroz.com\/index.php\/musique\/","url_meta":{"origin":24,"position":2},"title":"Musique","date":"17 mai 2021","format":false,"excerpt":"Vous trouverez dans cette cat\u00e9gorie toutes les productions musicales que j'ai con\u00e7ues. Dans le milieu Techno, Melodic Techno, Hardstyle, Hardcore, Deep House, EDM. N'oubliez pas de vous abonner pour ne pas rater les prochaines sorties. \u00c0 l'aide du lecteur Spotify.EDM - DEEP HOUSE - TECHNOOpen in SpotifyOpen in SpotifyOpen in\u2026","rel":"","context":"Article similaire","img":{"alt_text":"","src":"","width":0,"height":0},"classes":[]}],"_links":{"self":[{"href":"https:\/\/scleroz.com\/index.php\/wp-json\/wp\/v2\/pages\/24","targetHints":{"allow":["GET"]}}],"collection":[{"href":"https:\/\/scleroz.com\/index.php\/wp-json\/wp\/v2\/pages"}],"about":[{"href":"https:\/\/scleroz.com\/index.php\/wp-json\/wp\/v2\/types\/page"}],"author":[{"embeddable":true,"href":"https:\/\/scleroz.com\/index.php\/wp-json\/wp\/v2\/users\/1"}],"replies":[{"embeddable":true,"href":"https:\/\/scleroz.com\/index.php\/wp-json\/wp\/v2\/comments?post=24"}],"version-history":[{"count":3,"href":"https:\/\/scleroz.com\/index.php\/wp-json\/wp\/v2\/pages\/24\/revisions"}],"predecessor-version":[{"id":389,"href":"https:\/\/scleroz.com\/index.php\/wp-json\/wp\/v2\/pages\/24\/revisions\/389"}],"wp:attachment":[{"href":"https:\/\/scleroz.com\/index.php\/wp-json\/wp\/v2\/media?parent=24"}],"curies":[{"name":"wp","href":"https:\/\/api.w.org\/{rel}","templated":true}]}}